{"id":65,"date":"2016-02-17T14:04:10","date_gmt":"2016-02-17T13:04:10","guid":{"rendered":"http:\/\/www.hotelleoneroma.com\/?page_id=65"},"modified":"2022-11-09T11:32:01","modified_gmt":"2022-11-09T10:32:01","slug":"prenotazioni","status":"publish","type":"page","link":"https:\/\/www.hotelleoneroma.com\/fr\/prenotazioni\/","title":{"rendered":"Pr\u00e9notations"},"content":{"rendered":"<p><div    class=\"vc_row wpb_row section vc_row-fluid\" style=' text-align:left;'><div class=\" full_section_inner clearfix\">\n\t<div class=\"vc_col-sm-12 wpb_column vc_column_container \">\n\t\t<div class=\"wpb_wrapper\">\n\t\t\t\n\t<div class=\"wpb_text_column wpb_content_element \">\n\t\t<div class=\"wpb_wrapper\">\n\t\t\t<div id=\"qode-prenotazioni-top\"  class=\"carousel slide    q_auto_start   header_not_transparent\" data-slide_animation=\"6000\" data-height='300' data-parallax=\"no\" style=\"height: 300px; \"><div class=\"qode_slider_preloader\"><div class=\"ajax_loader\" style=\"margin-top:75.5px;\"><div class=\"ajax_loader_1\"><div class=\"double_pulse\"><div class=\"double-bounce1\"><\/div><div class=\"double-bounce2\"><\/div><\/div><\/div><\/div><\/div><div class=\"carousel-inner relative_position\" data-start=\"transform: translateY(0px);\" data-1440=\"transform: translateY(-500px);\"><div class=\"item \" style=\"height: 300px;\"><div class=\"image\" style=\"background-image:url(https:\/\/www.hotelleoneroma.com\/wp-content\/uploads\/2016\/02\/bg-slider-prenotazioni.jpg);\"><img src=\"https:\/\/www.hotelleoneroma.com\/wp-content\/uploads\/2016\/02\/bg-slider-prenotazioni.jpg\" alt=\"R\u00e9servation\"><\/div><div class=\"slider_content_outer \"><div class=\"slider_content \" style=\"width:80%;left: 10%;top: 35%;\" data-start=\"width:80%; opacity:1; left: 10%; top: 35%;\" data-300=\"opacity: 0; left: 10%; top: 10%;\"><div class=\"text all_at_once\" style=\"\"><h2 class=\"q_slide_title\" style=\"\"><span>R\u00e9servation<\/span><\/h2><\/div><\/div><\/div><\/div><\/div><\/div>\n\n\t\t<\/div> \n\t<\/div> <div class=\"vc_empty_space\"  style=\"height: 30px\" ><span class=\"vc_empty_space_inner\"><\/span><\/div>\n\n\n\t<div class=\"wpb_text_column wpb_content_element \">\n\t\t<div class=\"wpb_wrapper\">\n\t\t\t<p><!--START MASCHERA BOOKING--><br \/>\n<script charset=\"UTF-8\" defer src=\"https:\/\/cdn.beddy.io\/bol-v2\/prod\/beddy-bar-web-component.js\"><\/script><beddy-bar lang=\"fr\" widgetcode=\"51500d8609e8b\"><\/beddy-bar><br \/>\n<!--END MASCHERA BOOKING--><\/p>\n\n\t\t<\/div> \n\t<\/div> <div class=\"vc_empty_space\"  style=\"height: 30px\" ><span class=\"vc_empty_space_inner\"><\/span><\/div>\n\n\n\t<div class=\"wpb_text_column wpb_content_element \">\n\t\t<div class=\"wpb_wrapper\">\n\t\t\t<p><\/p>\n\n\t\t<\/div> \n\t<\/div> \n\t\t<\/div> \n\t<\/div> \n<\/div><\/div><div    class=\"vc_row wpb_row section vc_row-fluid grid_section\" style=' text-align:left;'><div class=\" section_inner clearfix\"><div class='section_inner_margin clearfix'>\n\t<div class=\"vc_col-sm-12 wpb_column vc_column_container  vc_custom_1491990109371\">\n\t\t<div class=\"wpb_wrapper\">\n\t\t\t\n\t<div class=\"wpb_text_column wpb_content_element \">\n\t\t<div class=\"wpb_wrapper\">\n\t\t\t<p style=\"text-align: left;\">V\u00e9rifiez la disponibilit\u00e9 de votre chambre et r\u00e9servez votre s\u00e9jour dans notre hotel en quelques clics.  Vous trouverez toujours un personnel pr\u00eat a vous r\u00e9pondre.<\/p>\n\n\t\t<\/div> \n\t<\/div> \n\t\t<\/div> \n\t<\/div> \n<\/div><\/div><\/div><div    class=\"vc_row wpb_row section vc_row-fluid grid_section\" style=' text-align:left;'><div class=\" section_inner clearfix\"><div class='section_inner_margin clearfix'>\n\t<div class=\"vc_col-sm-12 wpb_column vc_column_container \">\n\t\t<div class=\"wpb_wrapper\">\n\t\t\t<div class=\"vc_empty_space\"  style=\"height: 32px\" ><span class=\"vc_empty_space_inner\"><\/span><\/div>\n\n\n\t\t<\/div> \n\t<\/div> \n<\/div><\/div><\/div><div    class=\"vc_row wpb_row section vc_row-fluid grid_section\" style=' text-align:left;'><div class=\" section_inner clearfix\"><div class='section_inner_margin clearfix'>\n\t<div class=\"vc_col-sm-6 wpb_column vc_column_container  vc_custom_1491990068893\">\n\t\t<div class=\"wpb_wrapper\">\n\t\t\t\n\t<div class=\"wpb_text_column wpb_content_element \">\n\t\t<div class=\"wpb_wrapper\">\n\t\t\t<p style=\"text-align: center;\"><img loading=\"lazy\" class=\"alignnone size-full wp-image-536 aligncenter\" src=\"https:\/\/www.hotelleoneroma.com\/wp-content\/uploads\/2016\/02\/phone-circle.png\" alt=\"phone-outline\" width=\"100\" height=\"100\" \/><span id=\"result_box\" class=\"short_text\" lang=\"fr\"><span class=\"hps\">Notre num\u00e9ro<\/span> <span class=\"hps\">de t\u00e9l\u00e9phone<\/span><\/span><br \/>\n<a href=\"tel:\/\/39-06-48-71-590\"> +39 06.48.71.590<\/a><\/p>\n\n\t\t<\/div> \n\t<\/div> \n\t\t<\/div> \n\t<\/div> \n\n\t<div class=\"vc_col-sm-6 wpb_column vc_column_container  vc_custom_1491990077153\">\n\t\t<div class=\"wpb_wrapper\">\n\t\t\t\n\t<div class=\"wpb_text_column wpb_content_element \">\n\t\t<div class=\"wpb_wrapper\">\n\t\t\t<p style=\"text-align: center;\"><img loading=\"lazy\" class=\"alignnone size-full wp-image-536 aligncenter\" src=\"https:\/\/www.hotelleoneroma.com\/wp-content\/uploads\/2016\/02\/email-circle.png\" alt=\"phone-outline\" width=\"100\" height=\"100\" \/>Notre <span id=\"result_box\" class=\"short_text\" lang=\"fr\"><span class=\"hps\"><\/span> <span class=\"hps\"> e-mail<\/span><\/span><br \/>\n<a href=\"mailto:hotelleoneroma@outlook.it\">hotelleoneroma@outlook.it<\/a><\/p>\n\n\t\t<\/div> \n\t<\/div> \n\t\t<\/div> \n\t<\/div> \n<\/div><\/div><\/div><div    class=\"vc_row wpb_row section vc_row-fluid\" style=' text-align:left;'><div class=\" full_section_inner clearfix\">\n\t<div class=\"vc_col-sm-12 wpb_column vc_column_container \">\n\t\t<div class=\"wpb_wrapper\">\n\t\t\t<div class=\"vc_empty_space\"  style=\"height: 150px\" ><span class=\"vc_empty_space_inner\"><\/span><\/div>\n\n\n\t\t<\/div> \n\t<\/div> \n<\/div><\/div><\/p>","protected":false},"excerpt":{"rendered":"","protected":false},"author":1,"featured_media":0,"parent":0,"menu_order":0,"comment_status":"closed","ping_status":"closed","template":"full_width.php","meta":[],"_links":{"self":[{"href":"https:\/\/www.hotelleoneroma.com\/fr\/wp-json\/wp\/v2\/pages\/65"}],"collection":[{"href":"https:\/\/www.hotelleoneroma.com\/fr\/wp-json\/wp\/v2\/pages"}],"about":[{"href":"https:\/\/www.hotelleoneroma.com\/fr\/wp-json\/wp\/v2\/types\/page"}],"author":[{"embeddable":true,"href":"https:\/\/www.hotelleoneroma.com\/fr\/wp-json\/wp\/v2\/users\/1"}],"replies":[{"embeddable":true,"href":"https:\/\/www.hotelleoneroma.com\/fr\/wp-json\/wp\/v2\/comments?post=65"}],"version-history":[{"count":123,"href":"https:\/\/www.hotelleoneroma.com\/fr\/wp-json\/wp\/v2\/pages\/65\/revisions"}],"predecessor-version":[{"id":900,"href":"https:\/\/www.hotelleoneroma.com\/fr\/wp-json\/wp\/v2\/pages\/65\/revisions\/900"}],"wp:attachment":[{"href":"https:\/\/www.hotelleoneroma.com\/fr\/wp-json\/wp\/v2\/media?parent=65"}],"curies":[{"name":"wp","href":"https:\/\/api.w.org\/{rel}","templated":true}]}}