{"id":23,"date":"2016-02-17T01:46:33","date_gmt":"2016-02-17T00:46:33","guid":{"rendered":"http:\/\/www.hotelleoneroma.com\/?page_id=23"},"modified":"2022-11-09T11:45:58","modified_gmt":"2022-11-09T10:45:58","slug":"visita-roma","status":"publish","type":"page","link":"https:\/\/www.hotelleoneroma.com\/fr\/visita-roma\/","title":{"rendered":"Visiter Rome"},"content":{"rendered":"<p><div    class=\"vc_row wpb_row section vc_row-fluid\" style=' text-align:left;'><div class=\" full_section_inner clearfix\">\n\t<div class=\"vc_col-sm-12 wpb_column vc_column_container \">\n\t\t<div class=\"wpb_wrapper\">\n\t\t\t\n\t<div class=\"wpb_text_column wpb_content_element \">\n\t\t<div class=\"wpb_wrapper\">\n\t\t\t<div id=\"qode-visita-roma\"  class=\"carousel slide    q_auto_start   header_not_transparent\" data-slide_animation=\"6000\" data-height='300' data-parallax=\"no\" style=\"height: 300px; \"><div class=\"qode_slider_preloader\"><div class=\"ajax_loader\" style=\"margin-top:75.5px;\"><div class=\"ajax_loader_1\"><div class=\"double_pulse\"><div class=\"double-bounce1\"><\/div><div class=\"double-bounce2\"><\/div><\/div><\/div><\/div><\/div><div class=\"carousel-inner relative_position\" data-start=\"transform: translateY(0px);\" data-1440=\"transform: translateY(-500px);\"><div class=\"item \" style=\"height: 300px;\"><div class=\"image\" style=\"background-image:url(https:\/\/www.hotelleoneroma.com\/wp-content\/uploads\/2016\/02\/visita-roma-banner3.jpg);\"><img src=\"https:\/\/www.hotelleoneroma.com\/wp-content\/uploads\/2016\/02\/visita-roma-banner3.jpg\" alt=\"VISITER ROME\"><\/div><div class=\"slider_content_outer \"><div class=\"slider_content \" style=\"width:80%;left: 10%;top: 35%;\" data-start=\"width:80%; opacity:1; left: 10%; top: 35%;\" data-300=\"opacity: 0; left: 10%; top: 10%;\"><div class=\"text all_at_once\" style=\"\"><h2 class=\"q_slide_title\" style=\"\"><span>VISITER ROME<\/span><\/h2><\/div><\/div><\/div><\/div><\/div><\/div>\n\n\t\t<\/div> \n\t<\/div> <div class=\"vc_empty_space\"  style=\"height: 30px\" ><span class=\"vc_empty_space_inner\"><\/span><\/div>\n\n\n\t<div class=\"wpb_text_column wpb_content_element \">\n\t\t<div class=\"wpb_wrapper\">\n\t\t\t<p><!--START MASCHERA BOOKING--><br \/>\n<script charset=\"UTF-8\" defer src=\"https:\/\/cdn.beddy.io\/bol-v2\/prod\/beddy-bar-web-component.js\"><\/script><beddy-bar lang=\"fr\" widgetcode=\"51500d8609e8b\"><\/beddy-bar><br \/>\n<!--END MASCHERA BOOKING--><\/p>\n\n\t\t<\/div> \n\t<\/div> <div class=\"vc_empty_space\"  style=\"height: 30px\" ><span class=\"vc_empty_space_inner\"><\/span><\/div>\n\n\n\t<div class=\"wpb_text_column wpb_content_element \">\n\t\t<div class=\"wpb_wrapper\">\n\t\t\t\n\t\t<\/div> \n\t<\/div> \n\t\t<\/div> \n\t<\/div> \n<\/div><\/div><div    class=\"vc_row wpb_row section vc_row-fluid grid_section\" style=' text-align:left;'><div class=\" section_inner clearfix\"><div class='section_inner_margin clearfix'>\n\t<div class=\"vc_col-sm-6 wpb_column vc_column_container \">\n\t\t<div class=\"wpb_wrapper\">\n\t\t\t\n\t<div class=\"wpb_single_image wpb_content_element vc_align_left  element_from_left\">\n\t\t<div>\n\t\t<div class=\"wpb_wrapper\">\n\t\t\t\n\t\t\t<img class=\" vc_box_border_grey \" src=\"https:\/\/www.hotelleoneroma.com\/wp-content\/uploads\/2016\/02\/Hotel-Leone-39-600x450.jpg\" width=\"600\" height=\"450\" alt=\"Hotel-Leone-39\" title=\"Hotel-Leone-39\" \/>\n\t\t<\/div> \n\t\t<\/div>\n\t<\/div> \n\t\t<\/div> \n\t<\/div> \n\n\t<div class=\"vc_col-sm-6 wpb_column vc_column_container \">\n\t\t<div class=\"wpb_wrapper\">\n\t\t\t<div class=\"vc_empty_space\"  style=\"height: 35px\" ><span class=\"vc_empty_space_inner\"><\/span><\/div>\n\n\n\t<div class=\"wpb_text_column wpb_content_element \">\n\t\t<div class=\"wpb_wrapper\">\n\t\t\t<h2>MONUMENTS<\/h2>\n<h3>L&rsquo;histoire du monde dans la Ville Eternelle<\/h3>\n\n\t\t<\/div> \n\t<\/div> <div class=\"vc_empty_space\"  style=\"height: 10px\" ><span class=\"vc_empty_space_inner\"><\/span><\/div>\n\n\n\t<div class=\"wpb_text_column wpb_content_element \">\n\t\t<div class=\"wpb_wrapper\">\n\t\t\t<p>Leone Hotel est situ\u00e9 dans le centre historique de la ville. Marche dans les rues et les ruelles romaines typiques tu te trouveras en pr\u00e9sence de monuments anciens qui ont marqu\u00e9 les diff\u00e9rentes \u00e9tapes historiques de la ville de Rome: le Colis\u00e9e, le Forum Romain, le Vittoriano (Piazza Venezia), la Fontaine de Trevi et le reste des principaux monuments sont a distance de marche.<\/p>\n\n\t\t<\/div> \n\t<\/div> \n\t\t<\/div> \n\t<\/div> \n<\/div><\/div><\/div><div    class=\"vc_row wpb_row section vc_row-fluid\" style=' text-align:left;'><div class=\" full_section_inner clearfix\">\n\t<div class=\"vc_col-sm-12 wpb_column vc_column_container \">\n\t\t<div class=\"wpb_wrapper\">\n\t\t\t<div class=\"vc_empty_space\"  style=\"height: 32px\" ><span class=\"vc_empty_space_inner\"><\/span><\/div>\n\n\n\t\t<\/div> \n\t<\/div> \n<\/div><\/div><div    class=\"vc_row wpb_row section vc_row-fluid grid_section\" style=' text-align:left;'><div class=\" section_inner clearfix\"><div class='section_inner_margin clearfix'>\n\t<div class=\"vc_col-sm-6 wpb_column vc_column_container \">\n\t\t<div class=\"wpb_wrapper\">\n\t\t\t<div class=\"vc_empty_space\"  style=\"height: 35px\" ><span class=\"vc_empty_space_inner\"><\/span><\/div>\n\n\n\t<div class=\"wpb_text_column wpb_content_element \">\n\t\t<div class=\"wpb_wrapper\">\n\t\t\t<h2 style=\"text-align: right;\">Art &amp; Mus\u00e9es<\/h2>\n<h3 style=\"text-align: right;\">La beaut\u00e9e qui se trouve a Rome<\/h3>\n\n\t\t<\/div> \n\t<\/div> <div class=\"vc_empty_space\"  style=\"height: 10px\" ><span class=\"vc_empty_space_inner\"><\/span><\/div>\n\n\n\t<div class=\"wpb_text_column wpb_content_element \">\n\t\t<div class=\"wpb_wrapper\">\n\t\t\t<p>La plupart des mus\u00e9es de la capitale sont a proximit\u00e9 ou bien reli\u00e9.<br \/>\nLes Musei capitolini, Museo della Civilt\u00e0 Romana, Palazzo dell&rsquo;Esposizione, Mercato di Traiano e le Museo dei Fori Imperiali, Galleria d\u00ed Arte Moderna e Contemporanea et de nombreux autres.<\/p>\n\n\t\t<\/div> \n\t<\/div> \n\t\t<\/div> \n\t<\/div> \n\n\t<div class=\"vc_col-sm-6 wpb_column vc_column_container \">\n\t\t<div class=\"wpb_wrapper\">\n\t\t\t\n\t<div class=\"wpb_single_image wpb_content_element vc_align_left  element_from_right\">\n\t\t<div>\n\t\t<div class=\"wpb_wrapper\">\n\t\t\t\n\t\t\t<img class=\" vc_box_border_grey \" src=\"https:\/\/www.hotelleoneroma.com\/wp-content\/uploads\/2016\/02\/Hotel-Leone-32-600x450.jpg\" width=\"600\" height=\"450\" alt=\"Hotel-Leone-32\" title=\"Hotel-Leone-32\" \/>\n\t\t<\/div> \n\t\t<\/div>\n\t<\/div> \n\t\t<\/div> \n\t<\/div> \n<\/div><\/div><\/div><div    class=\"vc_row wpb_row section vc_row-fluid\" style=' text-align:left;'><div class=\" full_section_inner clearfix\">\n\t<div class=\"vc_col-sm-12 wpb_column vc_column_container \">\n\t\t<div class=\"wpb_wrapper\">\n\t\t\t<div class=\"vc_empty_space\"  style=\"height: 32px\" ><span class=\"vc_empty_space_inner\"><\/span><\/div>\n\n\n\t\t<\/div> \n\t<\/div> \n<\/div><\/div><div    class=\"vc_row wpb_row section vc_row-fluid grid_section\" style=' text-align:left;'><div class=\" section_inner clearfix\"><div class='section_inner_margin clearfix'>\n\t<div class=\"vc_col-sm-6 wpb_column vc_column_container \">\n\t\t<div class=\"wpb_wrapper\">\n\t\t\t\n\t<div class=\"wpb_single_image wpb_content_element vc_align_left  element_from_left\">\n\t\t<div>\n\t\t<div class=\"wpb_wrapper\">\n\t\t\t\n\t\t\t<img class=\" vc_box_border_grey \" src=\"https:\/\/www.hotelleoneroma.com\/wp-content\/uploads\/2016\/02\/Hotel-Leone-34-600x450.jpg\" width=\"600\" height=\"450\" alt=\"Hotel-Leone-34\" title=\"Hotel-Leone-34\" \/>\n\t\t<\/div> \n\t\t<\/div>\n\t<\/div> \n\t\t<\/div> \n\t<\/div> \n\n\t<div class=\"vc_col-sm-6 wpb_column vc_column_container \">\n\t\t<div class=\"wpb_wrapper\">\n\t\t\t<div class=\"vc_empty_space\"  style=\"height: 35px\" ><span class=\"vc_empty_space_inner\"><\/span><\/div>\n\n\n\t<div class=\"wpb_text_column wpb_content_element \">\n\t\t<div class=\"wpb_wrapper\">\n\t\t\t<h2>Restaurants<\/h2>\n<h3>Pour d\u00e9couvrir les spacialit\u00e9es de la cuisine italienne et romaine.<\/h3>\n\n\t\t<\/div> \n\t<\/div> <div class=\"vc_empty_space\"  style=\"height: 10px\" ><span class=\"vc_empty_space_inner\"><\/span><\/div>\n\n\n\t<div class=\"wpb_text_column wpb_content_element \">\n\t\t<div class=\"wpb_wrapper\">\n\t\t\t<p>A quelques m\u00e8tres il y a des restaurants ou tu pourras d\u00e9guster l&rsquo;extraordinaire et renomm\u00e9e cuisine italienne et romaine en particulier a des prix raisonnables. Maime le quartier de Trastevere, plein de restaurants c\u00e9l\u00e8bres pour leur cuisine, sont tout bien reli\u00e9 avec notre hotel.<\/p>\n\n\t\t<\/div> \n\t<\/div> \n\t\t<\/div> \n\t<\/div> \n<\/div><\/div><\/div><div    class=\"vc_row wpb_row section vc_row-fluid\" style=' text-align:left;'><div class=\" full_section_inner clearfix\">\n\t<div class=\"vc_col-sm-12 wpb_column vc_column_container \">\n\t\t<div class=\"wpb_wrapper\">\n\t\t\t<div class=\"vc_empty_space\"  style=\"height: 32px\" ><span class=\"vc_empty_space_inner\"><\/span><\/div>\n\n\n\t\t<\/div> \n\t<\/div> \n<\/div><\/div><div    class=\"vc_row wpb_row section vc_row-fluid grid_section\" style=' text-align:left;'><div class=\" section_inner clearfix\"><div class='section_inner_margin clearfix'>\n\t<div class=\"vc_col-sm-6 wpb_column vc_column_container \">\n\t\t<div class=\"wpb_wrapper\">\n\t\t\t<div class=\"vc_empty_space\"  style=\"height: 35px\" ><span class=\"vc_empty_space_inner\"><\/span><\/div>\n\n\n\t<div class=\"wpb_text_column wpb_content_element \">\n\t\t<div class=\"wpb_wrapper\">\n\t\t\t<h2 style=\"text-align: right;\">Concerts &amp; Amusements<\/h2>\n<h3 style=\"text-align: right;\">L&#8217;emotion des nuits romaines<\/h3>\n\n\t\t<\/div> \n\t<\/div> <div class=\"vc_empty_space\"  style=\"height: 10px\" ><span class=\"vc_empty_space_inner\"><\/span><\/div>\n\n\n\t<div class=\"wpb_text_column wpb_content_element \">\n\t\t<div class=\"wpb_wrapper\">\n\t\t\t<p>Pour ceux qui ont l&rsquo;intention de se rendre a Rome pour des \u00e9v\u00e8nements tels que des concerts, des faites ou autres, l&rsquo;Hotel Leone est bien reli\u00e9 aux principales places qui accueillent ces \u00e9v\u00e8nements: Piazza del Popolo, Piazza S. Giovanni, Circo Massimo, etc &#8230;<\/p>\n\n\t\t<\/div> \n\t<\/div> \n\t\t<\/div> \n\t<\/div> \n\n\t<div class=\"vc_col-sm-6 wpb_column vc_column_container \">\n\t\t<div class=\"wpb_wrapper\">\n\t\t\t\n\t<div class=\"wpb_single_image wpb_content_element vc_align_left  element_from_right\">\n\t\t<div>\n\t\t<div class=\"wpb_wrapper\">\n\t\t\t\n\t\t\t<img class=\" vc_box_border_grey \" src=\"https:\/\/www.hotelleoneroma.com\/wp-content\/uploads\/2016\/02\/Hotel-Leone-37-600x450.jpg\" width=\"600\" height=\"450\" alt=\"Hotel-Leone-37\" title=\"Hotel-Leone-37\" \/>\n\t\t<\/div> \n\t\t<\/div>\n\t<\/div> \n\t\t<\/div> \n\t<\/div> \n<\/div><\/div><\/div><div    class=\"vc_row wpb_row section vc_row-fluid\" style=' text-align:left;'><div class=\" full_section_inner clearfix\">\n\t<div class=\"vc_col-sm-12 wpb_column vc_column_container  vc_custom_1491991513349\">\n\t\t<div class=\"wpb_wrapper\">\n\t\t\t<div class=\"vc_empty_space\"  style=\"height: 150px\" ><span class=\"vc_empty_space_inner\"><\/span><\/div>\n\n\n\t\t<\/div> \n\t<\/div> \n<\/div><\/div><\/p>","protected":false},"excerpt":{"rendered":"","protected":false},"author":1,"featured_media":0,"parent":0,"menu_order":0,"comment_status":"closed","ping_status":"closed","template":"full_width.php","meta":[],"_links":{"self":[{"href":"https:\/\/www.hotelleoneroma.com\/fr\/wp-json\/wp\/v2\/pages\/23"}],"collection":[{"href":"https:\/\/www.hotelleoneroma.com\/fr\/wp-json\/wp\/v2\/pages"}],"about":[{"href":"https:\/\/www.hotelleoneroma.com\/fr\/wp-json\/wp\/v2\/types\/page"}],"author":[{"embeddable":true,"href":"https:\/\/www.hotelleoneroma.com\/fr\/wp-json\/wp\/v2\/users\/1"}],"replies":[{"embeddable":true,"href":"https:\/\/www.hotelleoneroma.com\/fr\/wp-json\/wp\/v2\/comments?post=23"}],"version-history":[{"count":57,"href":"https:\/\/www.hotelleoneroma.com\/fr\/wp-json\/wp\/v2\/pages\/23\/revisions"}],"predecessor-version":[{"id":903,"href":"https:\/\/www.hotelleoneroma.com\/fr\/wp-json\/wp\/v2\/pages\/23\/revisions\/903"}],"wp:attachment":[{"href":"https:\/\/www.hotelleoneroma.com\/fr\/wp-json\/wp\/v2\/media?parent=23"}],"curies":[{"name":"wp","href":"https:\/\/api.w.org\/{rel}","templated":true}]}}