{"id":14,"date":"2016-02-17T01:36:07","date_gmt":"2016-02-17T00:36:07","guid":{"rendered":"http:\/\/www.hotelleoneroma.com\/?page_id=14"},"modified":"2022-11-09T11:44:51","modified_gmt":"2022-11-09T10:44:51","slug":"servizi","status":"publish","type":"page","link":"https:\/\/www.hotelleoneroma.com\/fr\/servizi\/","title":{"rendered":"Services"},"content":{"rendered":"<p><div    class=\"vc_row wpb_row section vc_row-fluid\" style=' text-align:left;'><div class=\" full_section_inner clearfix\">\n\t<div class=\"vc_col-sm-12 wpb_column vc_column_container \">\n\t\t<div class=\"wpb_wrapper\">\n\t\t\t\n\t<div class=\"wpb_text_column wpb_content_element \">\n\t\t<div class=\"wpb_wrapper\">\n\t\t\t<div id=\"qode-servizi-top\"  class=\"carousel slide    q_auto_start   header_not_transparent\" data-slide_animation=\"6000\" data-height='300' data-parallax=\"no\" style=\"height: 300px; \"><div class=\"qode_slider_preloader\"><div class=\"ajax_loader\" style=\"margin-top:75.5px;\"><div class=\"ajax_loader_1\"><div class=\"double_pulse\"><div class=\"double-bounce1\"><\/div><div class=\"double-bounce2\"><\/div><\/div><\/div><\/div><\/div><div class=\"carousel-inner relative_position\" data-start=\"transform: translateY(0px);\" data-1440=\"transform: translateY(-500px);\"><div class=\"item \" style=\"height: 300px;\"><div class=\"image\" style=\"background-image:url(https:\/\/www.hotelleoneroma.com\/wp-content\/uploads\/2016\/02\/bg-slider-camere.jpg);\"><img src=\"https:\/\/www.hotelleoneroma.com\/wp-content\/uploads\/2016\/02\/bg-slider-camere.jpg\" alt=\"Services\"><\/div><div class=\"slider_content_outer \"><div class=\"slider_content \" style=\"width:80%;left: 10%;top: 35%;\" data-start=\"width:80%; opacity:1; left: 10%; top: 35%;\" data-300=\"opacity: 0; left: 10%; top: 10%;\"><div class=\"text all_at_once\" style=\"\"><h2 class=\"q_slide_title\" style=\"\"><span>Services<\/span><\/h2><\/div><\/div><\/div><\/div><\/div><\/div>\n\n\t\t<\/div> \n\t<\/div> <div class=\"vc_empty_space\"  style=\"height: 30px\" ><span class=\"vc_empty_space_inner\"><\/span><\/div>\n\n\n\t<div class=\"wpb_text_column wpb_content_element \">\n\t\t<div class=\"wpb_wrapper\">\n\t\t\t<p><!--START MASCHERA BOOKING--><br \/>\n<script charset=\"UTF-8\" defer src=\"https:\/\/cdn.beddy.io\/bol-v2\/prod\/beddy-bar-web-component.js\"><\/script><beddy-bar lang=\"fr\" widgetcode=\"51500d8609e8b\"><\/beddy-bar><br \/>\n<!--END MASCHERA BOOKING--><\/p>\n\n\t\t<\/div> \n\t<\/div> <div class=\"vc_empty_space\"  style=\"height: 30px\" ><span class=\"vc_empty_space_inner\"><\/span><\/div>\n\n\n\t<div class=\"wpb_text_column wpb_content_element \">\n\t\t<div class=\"wpb_wrapper\">\n\t\t\t\n\t\t<\/div> \n\t<\/div> \n\t\t<\/div> \n\t<\/div> \n<\/div><\/div><div    class=\"vc_row wpb_row section vc_row-fluid grid_section\" style='background-color:#ffffff; text-align:left;'><div class=\" section_inner clearfix\"><div class='section_inner_margin clearfix'>\n\t<div class=\"vc_col-sm-4 wpb_column vc_column_container \">\n\t\t<div class=\"wpb_wrapper\">\n\t\t\t\n\t<div class=\"wpb_text_column wpb_content_element \">\n\t\t<div class=\"wpb_wrapper\">\n\t\t\t<p><img loading=\"lazy\" class=\"alignnone size-full wp-image-485 aligncenter\" src=\"https:\/\/www.hotelleoneroma.com\/wp-content\/uploads\/2016\/02\/wifi-circle.png\" alt=\"wifi-circle\" width=\"100\" height=\"100\" \/><\/p>\n<p style=\"text-align: center;\"><strong>FREE WIFI<\/strong><\/p>\n<p style=\"text-align: center;\">Chez nous vous trouverez une couverture Wi-Fi enti\u00e8rement gratuit. Demande la Password a la r\u00e9ception et connecte toi imm\u00e9diatement<\/p>\n\n\t\t<\/div> \n\t<\/div> \n\t\t<\/div> \n\t<\/div> \n\n\t<div class=\"vc_col-sm-4 wpb_column vc_column_container \">\n\t\t<div class=\"wpb_wrapper\">\n\t\t\t\n\t<div class=\"wpb_text_column wpb_content_element \">\n\t\t<div class=\"wpb_wrapper\">\n\t\t\t<p><img loading=\"lazy\" class=\"alignnone size-full wp-image-485 aligncenter\" src=\"https:\/\/www.hotelleoneroma.com\/wp-content\/uploads\/2016\/02\/climate-circle.png\" alt=\"\" width=\"100\" height=\"100\" \/><\/p>\n<p style=\"text-align: center;\"><strong>CLIMATISATION<br \/>\n<\/strong><\/p>\n<p style=\"text-align: center;\">Chaque chambre est \u00e9quip\u00e9e d&rsquo;un syst\u00e8me de conditionnement d&rsquo;air. Vous<br \/>\npouvez choisir votre temp\u00e9rature id\u00e9ale.<\/p>\n\n\t\t<\/div> \n\t<\/div> \n\t\t<\/div> \n\t<\/div> \n\n\t<div class=\"vc_col-sm-4 wpb_column vc_column_container \">\n\t\t<div class=\"wpb_wrapper\">\n\t\t\t\n\t<div class=\"wpb_text_column wpb_content_element \">\n\t\t<div class=\"wpb_wrapper\">\n\t\t\t<p><img loading=\"lazy\" class=\"alignnone size-full wp-image-485 aligncenter\" src=\"https:\/\/www.hotelleoneroma.com\/wp-content\/uploads\/2016\/02\/tv-circle.png\" alt=\"\" width=\"100\" height=\"100\" \/><\/p>\n<p style=\"text-align: center;\"><strong>TELEVISION<\/strong><\/p>\n<p style=\"text-align: center;\">Dans chacune de nos chambres, tu trouveras une t\u00e9l\u00e9vision avec laquelle vous pouvez regarder les chaines de la t\u00e9l\u00e9vision italienne.<\/p>\n\n\t\t<\/div> \n\t<\/div> \n\t\t<\/div> \n\t<\/div> \n<\/div><\/div><\/div><div    class=\"vc_row wpb_row section vc_row-fluid\" style=' text-align:left;'><div class=\" full_section_inner clearfix\">\n\t<div class=\"vc_col-sm-12 wpb_column vc_column_container \">\n\t\t<div class=\"wpb_wrapper\">\n\t\t\t<div class=\"vc_empty_space\"  style=\"height: 32px\" ><span class=\"vc_empty_space_inner\"><\/span><\/div>\n\n\n\t\t<\/div> \n\t<\/div> \n<\/div><\/div><div    class=\"vc_row wpb_row section vc_row-fluid grid_section\" style='background-color:#ffffff; text-align:left;'><div class=\" section_inner clearfix\"><div class='section_inner_margin clearfix'>\n\t<div class=\"vc_col-sm-4 wpb_column vc_column_container \">\n\t\t<div class=\"wpb_wrapper\">\n\t\t\t\n\t<div class=\"wpb_text_column wpb_content_element \">\n\t\t<div class=\"wpb_wrapper\">\n\t\t\t<p><img loading=\"lazy\" class=\"alignnone size-full wp-image-485 aligncenter\" src=\"https:\/\/www.hotelleoneroma.com\/wp-content\/uploads\/2016\/02\/fridge-circle.png\" alt=\"wifi-circle\" width=\"100\" height=\"100\" \/><\/p>\n<p style=\"text-align: center;\"><strong>REFRIGERATEUR<\/strong><\/p>\n<p style=\"text-align: center;\">Toutes nos chambres sont \u00e9quip\u00e9es d&rsquo;un r\u00e9frig\u00e9rateur. Pratique pour garder des boissons fraiches et des nourritures pendant votre s\u00e9jour.<\/p>\n\n\t\t<\/div> \n\t<\/div> \n\t\t<\/div> \n\t<\/div> \n\n\t<div class=\"vc_col-sm-4 wpb_column vc_column_container \">\n\t\t<div class=\"wpb_wrapper\">\n\t\t\t\n\t<div class=\"wpb_text_column wpb_content_element \">\n\t\t<div class=\"wpb_wrapper\">\n\t\t\t<p><img loading=\"lazy\" class=\"alignnone size-full wp-image-485 aligncenter\" src=\"https:\/\/www.hotelleoneroma.com\/wp-content\/uploads\/2016\/02\/shower-circle.png\" alt=\"\" width=\"100\" height=\"100\" \/><\/p>\n<p style=\"text-align: center;\"><strong>SALLE DE BAINS<\/strong><\/p>\n<p style=\"text-align: center;\">Chaque chambre de l&rsquo;Hotel Leone dispose d&rsquo;une salle de bains priv\u00e9e avec douche et bidet.<\/p>\n\n\t\t<\/div> \n\t<\/div> \n\t\t<\/div> \n\t<\/div> \n\n\t<div class=\"vc_col-sm-4 wpb_column vc_column_container \">\n\t\t<div class=\"wpb_wrapper\">\n\t\t\t\n\t<div class=\"wpb_text_column wpb_content_element \">\n\t\t<div class=\"wpb_wrapper\">\n\t\t\t<p><img loading=\"lazy\" class=\"alignnone size-full wp-image-485 aligncenter\" src=\"https:\/\/www.hotelleoneroma.com\/wp-content\/uploads\/2016\/02\/recep-circle.png\" alt=\"\" width=\"100\" height=\"100\" \/><\/p>\n<p style=\"text-align: center;\"><strong>CHECK-IN TIME<\/strong><\/p>\n<p style=\"text-align: center;\">On organise les Check-in sur rendez-vous de 14:00 \u00e0 18:00h.<\/p>\n\n\t\t<\/div> \n\t<\/div> \n\t\t<\/div> \n\t<\/div> \n<\/div><\/div><\/div><div    class=\"vc_row wpb_row section vc_row-fluid\" style=' text-align:left;'><div class=\" full_section_inner clearfix\">\n\t<div class=\"vc_col-sm-12 wpb_column vc_column_container \">\n\t\t<div class=\"wpb_wrapper\">\n\t\t\t<div class=\"vc_empty_space\"  style=\"height: 32px\" ><span class=\"vc_empty_space_inner\"><\/span><\/div>\n\n\n\t\t<\/div> \n\t<\/div> \n<\/div><\/div><div    class=\"vc_row wpb_row section vc_row-fluid grid_section\" style='background-color:#ffffff; text-align:left;'><div class=\" section_inner clearfix\"><div class='section_inner_margin clearfix'>\n\t<div class=\"vc_col-sm-4 wpb_column vc_column_container \">\n\t\t<div class=\"wpb_wrapper\">\n\t\t\t\n\t<div class=\"wpb_text_column wpb_content_element \">\n\t\t<div class=\"wpb_wrapper\">\n\t\t\t<p><img loading=\"lazy\" class=\"alignnone size-full wp-image-485 aligncenter\" src=\"https:\/\/www.hotelleoneroma.com\/wp-content\/uploads\/2016\/02\/asciug-circle.png\" alt=\"\" width=\"100\" height=\"100\" \/><\/p>\n<p style=\"text-align: center;\"><strong>S\u00c9CHE-CHEVEUX<\/strong><\/p>\n<p style=\"text-align: center;\">Dans mos chambres vous trouverez un s\u00e9che-cheveux electrique tr\u00e9s pratique.<\/p>\n\n\t\t<\/div> \n\t<\/div> \n\t\t<\/div> \n\t<\/div> \n\n\t<div class=\"vc_col-sm-4 wpb_column vc_column_container \">\n\t\t<div class=\"wpb_wrapper\">\n\t\t\t\n\t<div class=\"wpb_text_column wpb_content_element \">\n\t\t<div class=\"wpb_wrapper\">\n\t\t\t<p><img loading=\"lazy\" class=\"alignnone size-full wp-image-485 aligncenter\" src=\"https:\/\/www.hotelleoneroma.com\/wp-content\/uploads\/2016\/02\/bollitore-circle.png\" alt=\"\" width=\"100\" height=\"100\" \/><\/p>\n<p style=\"text-align: center;\"><strong>BOUILLOIRE<\/strong><\/p>\n<p style=\"text-align: center;\">Dans les chambres vous avez une bouilloire \u00e9lectrique avec deux tasses \u00e0 votre disposition<\/p>\n\n\t\t<\/div> \n\t<\/div> \n\t\t<\/div> \n\t<\/div> \n\n\t<div class=\"vc_col-sm-4 wpb_column vc_column_container \">\n\t\t<div class=\"wpb_wrapper\">\n\t\t\t\n\t<div class=\"wpb_text_column wpb_content_element \">\n\t\t<div class=\"wpb_wrapper\">\n\t\t\t<p><img loading=\"lazy\" class=\"alignnone size-full wp-image-485 aligncenter\" src=\"https:\/\/www.hotelleoneroma.com\/wp-content\/uploads\/2016\/02\/cassaforte-circle.png\" alt=\"\" width=\"100\" height=\"100\" \/><\/p>\n<p style=\"text-align: center;\"><strong>COFFRE-FORT<\/strong><\/p>\n<p style=\"text-align: center;\">Les chambres disposent d&rsquo;un petit coffre-fort.<\/p>\n\n\t\t<\/div> \n\t<\/div> \n\t\t<\/div> \n\t<\/div> \n<\/div><\/div><\/div><div    class=\"vc_row wpb_row section vc_row-fluid\" style=' text-align:left;'><div class=\" full_section_inner clearfix\">\n\t<div class=\"vc_col-sm-12 wpb_column vc_column_container \">\n\t\t<div class=\"wpb_wrapper\">\n\t\t\t<div class=\"vc_empty_space\"  style=\"height: 50px\" ><span class=\"vc_empty_space_inner\"><\/span><\/div>\n\n\n\t\t<\/div> \n\t<\/div> \n<\/div><\/div><div    class=\"vc_row wpb_row section vc_row-fluid grid_section\" style=' text-align:left;'><div class=\" section_inner clearfix\"><div class='section_inner_margin clearfix'>\n\t<div class=\"vc_col-sm-4 wpb_column vc_column_container \">\n\t\t<div class=\"wpb_wrapper\">\n\t\t\t\n\t<div class=\"wpb_text_column wpb_content_element \">\n\t\t<div class=\"wpb_wrapper\">\n\t\t\t<p><\/p>\n\n\t\t<\/div> \n\t<\/div> \n\t\t<\/div> \n\t<\/div> \n\n\t<div class=\"vc_col-sm-4 wpb_column vc_column_container  vc_custom_1491989204773\">\n\t\t<div class=\"wpb_wrapper\">\n\t\t\t<a href=\"https:\/\/www.hotelleoneroma.com\/fr\/prenotazioni\/\" target=\"_self\" data-hover-background-color=rgba(166,213,122,0.01) data-hover-border-color=#a6d57a data-hover-color=#a6d57a class=\"qbutton  big_large_full_width qbutton_with_icon\" style=\"color: #ffffff; border-color: #a6d57a; font-weight: 600; background-color: #a6d57a;\">RESERVE TA CHAMBRE<span class=\"button_icon q_font_elegant_icon arrow_carrot-right\" aria-hidden=\"true\" style=\"\"><\/span><\/a>\n\t\t<\/div> \n\t<\/div> \n\n\t<div class=\"vc_col-sm-4 wpb_column vc_column_container \">\n\t\t<div class=\"wpb_wrapper\">\n\t\t\t\n\t<div class=\"wpb_text_column wpb_content_element \">\n\t\t<div class=\"wpb_wrapper\">\n\t\t\t<p><\/p>\n\n\t\t<\/div> \n\t<\/div> \n\t\t<\/div> \n\t<\/div> \n<\/div><\/div><\/div><div    class=\"vc_row wpb_row section vc_row-fluid\" style=' text-align:left;'><div class=\" full_section_inner clearfix\">\n\t<div class=\"vc_col-sm-12 wpb_column vc_column_container \">\n\t\t<div class=\"wpb_wrapper\">\n\t\t\t<div class=\"vc_empty_space\"  style=\"height: 150px\" ><span class=\"vc_empty_space_inner\"><\/span><\/div>\n\n\n\t\t<\/div> \n\t<\/div> \n<\/div><\/div><\/p>","protected":false},"excerpt":{"rendered":"","protected":false},"author":1,"featured_media":0,"parent":0,"menu_order":0,"comment_status":"closed","ping_status":"closed","template":"full_width.php","meta":[],"_links":{"self":[{"href":"https:\/\/www.hotelleoneroma.com\/fr\/wp-json\/wp\/v2\/pages\/14"}],"collection":[{"href":"https:\/\/www.hotelleoneroma.com\/fr\/wp-json\/wp\/v2\/pages"}],"about":[{"href":"https:\/\/www.hotelleoneroma.com\/fr\/wp-json\/wp\/v2\/types\/page"}],"author":[{"embeddable":true,"href":"https:\/\/www.hotelleoneroma.com\/fr\/wp-json\/wp\/v2\/users\/1"}],"replies":[{"embeddable":true,"href":"https:\/\/www.hotelleoneroma.com\/fr\/wp-json\/wp\/v2\/comments?post=14"}],"version-history":[{"count":91,"href":"https:\/\/www.hotelleoneroma.com\/fr\/wp-json\/wp\/v2\/pages\/14\/revisions"}],"predecessor-version":[{"id":902,"href":"https:\/\/www.hotelleoneroma.com\/fr\/wp-json\/wp\/v2\/pages\/14\/revisions\/902"}],"wp:attachment":[{"href":"https:\/\/www.hotelleoneroma.com\/fr\/wp-json\/wp\/v2\/media?parent=14"}],"curies":[{"name":"wp","href":"https:\/\/api.w.org\/{rel}","templated":true}]}}