{"id":10,"date":"2016-02-17T01:11:07","date_gmt":"2016-02-17T00:11:07","guid":{"rendered":"http:\/\/www.hotelleoneroma.com\/?page_id=10"},"modified":"2024-09-22T11:20:51","modified_gmt":"2024-09-22T09:20:51","slug":"home-page","status":"publish","type":"page","link":"https:\/\/www.hotelleoneroma.com\/fr\/","title":{"rendered":"Home page"},"content":{"rendered":"<\/p>\r\n<div    class=\"vc_row wpb_row section vc_row-fluid\" style=' text-align:left;'><div class=\" full_section_inner clearfix\">\n\t<div class=\"vc_col-sm-12 wpb_column vc_column_container \">\n\t\t<div class=\"wpb_wrapper\">\n\t\t\t\n\t<div class=\"wpb_text_column wpb_content_element \">\n\t\t<div class=\"wpb_wrapper\">\n\t\t\t<p>&nbsp;<\/p>\n\n\t\t<\/div> \n\t<\/div> \n\t\t<\/div> \n\t<\/div> \n<\/div><\/div><div    class=\"vc_row wpb_row section vc_row-fluid\" style=' text-align:left;'><div class=\" full_section_inner clearfix\">\n\t<div class=\"vc_col-sm-12 wpb_column vc_column_container \">\n\t\t<div class=\"wpb_wrapper\">\n\t\t\t\n\t<div class=\"wpb_text_column wpb_content_element \">\n\t\t<div class=\"wpb_wrapper\">\n\t\t\t<div id=\"qode-hp\"  class=\"carousel slide    q_auto_start   header_not_transparent\" data-slide_animation=\"6000\" data-height='800' data-parallax=\"no\" style=\"height: 800px; \"><div class=\"qode_slider_preloader\"><div class=\"ajax_loader\" style=\"margin-top:75.5px;\"><div class=\"ajax_loader_1\"><div class=\"double_pulse\"><div class=\"double-bounce1\"><\/div><div class=\"double-bounce2\"><\/div><\/div><\/div><\/div><\/div><div class=\"carousel-inner relative_position\" data-start=\"transform: translateY(0px);\" data-1440=\"transform: translateY(-500px);\"><div class=\"item light vertical_align_middle\" style=\"height: 800px;\"><div class=\"image\" style=\"background-image:url(https:\/\/www.hotelleoneroma.com\/wp-content\/uploads\/2016\/02\/homepage-roma.jpg);\"><img src=\"https:\/\/www.hotelleoneroma.com\/wp-content\/uploads\/2016\/02\/homepage-roma.jpg\" alt=\"D\u00c9COUVREZ LES BEAUT\u00c9S DE ROME\"><\/div><div class=\"slider_content_outer \"><div class=\"slider_content center\" style=\"width:80%;left: 10%;top: 35%;padding-top:151px;\" data-start=\"width:80%; opacity:1; left: 10%; top: 35%;\" data-300=\"opacity: 0; left: 10%; top: 10%;\"><div class=\"text all_at_once\" style=\"\"><h2 class=\"q_slide_title\" style=\"text-shadow: 1px 1px 2px rgba(0, 0, 0, 0.4);\"><span>D\u00c9COUVREZ LES BEAUT\u00c9S DE ROME<\/span><\/h2><\/div><\/div><\/div><\/div><div class=\"item light vertical_align_middle\" style=\"height: 800px;\"><div class=\"image\" style=\"background-image:url(https:\/\/www.hotelleoneroma.com\/wp-content\/uploads\/2016\/02\/Hotel-Leone-shade.jpg);\"><img src=\"https:\/\/www.hotelleoneroma.com\/wp-content\/uploads\/2016\/02\/Hotel-Leone-shade.jpg\" alt=\"Embrasse la Rome antique\"><\/div><div class=\"slider_content_outer \"><div class=\"slider_content center\" style=\"width:80%;left: 10%;top: 35%;padding-top:151px;\" data-start=\"width:80%; opacity:1; left: 10%; top: 35%;\" data-300=\"opacity: 0; left: 10%; top: 10%;\"><div class=\"text all_at_once\" style=\"\"><h2 class=\"q_slide_title\" style=\"text-shadow: 1px 1px 2px rgba(0, 0, 0, 0.4);\"><span>Embrasse la Rome antique<\/span><\/h2><\/div><\/div><\/div><\/div><div class=\"item light vertical_align_middle\" style=\"height: 800px;\"><div class=\"image\" style=\"background-image:url(https:\/\/www.hotelleoneroma.com\/wp-content\/uploads\/2016\/02\/Hotel-Leone-37.jpg);\"><img src=\"https:\/\/www.hotelleoneroma.com\/wp-content\/uploads\/2016\/02\/Hotel-Leone-37.jpg\" alt=\"Confort au coeur de Rome\"><\/div><div class=\"slider_content_outer \"><div class=\"slider_content center\" style=\"width:80%;left: 10%;top: 35%;padding-top:151px;\"><div class=\"text all_at_once\" style=\"\"><h2 class=\"q_slide_title\" style=\"font-family: 'Open Sans';text-shadow: 1px 1px 2px rgba(0, 0, 0, 0.4);\"><span>Confort au coeur de Rome<\/span><\/h2><\/div><\/div><\/div><\/div><\/div><ol class=\"carousel-indicators\"><li data-target=\"#qode-hp\" data-slide-to=\"0\" class=\"active\"><\/li><li data-target=\"#qode-hp\" data-slide-to=\"1\"><\/li><li data-target=\"#qode-hp\" data-slide-to=\"2\"><\/li><\/ol><a class=\"left carousel-control\" href=\"#qode-hp\" data-slide=\"prev\"><span class=\"prev_nav\" style=\"margin-top:50.5px;\"><span class=\"arrow_carrot-left\"><\/span><\/span><\/a><a class=\"right carousel-control\" href=\"#qode-hp\" data-slide=\"next\"><span class=\"next_nav\" style=\"margin-top:50.5px;\"><span class=\"arrow_carrot-right\"><\/span><\/span><\/a><\/div>\n\n\t\t<\/div> \n\t<\/div> <div class=\"vc_empty_space\"  style=\"height: 30px\" ><span class=\"vc_empty_space_inner\"><\/span><\/div>\n\n\n\t<div class=\"wpb_text_column wpb_content_element \">\n\t\t<div class=\"wpb_wrapper\">\n\t\t\t<p><!--START MASCHERA BOOKING--><br \/>\n<script charset=\"UTF-8\" defer src=\"https:\/\/cdn.beddy.io\/bol-v2\/prod\/beddy-bar-web-component.js\"><\/script><beddy-bar lang=\"en\" widgetcode=\"51500d8609e8b\"><\/beddy-bar><br \/>\n<!--END MASCHERA BOOKING--><\/p>\n\n\t\t<\/div> \n\t<\/div> <div class=\"vc_empty_space\"  style=\"height: 30px\" ><span class=\"vc_empty_space_inner\"><\/span><\/div>\n\n\n\t<div class=\"wpb_text_column wpb_content_element \">\n\t\t<div class=\"wpb_wrapper\">\n\t\t\t\n\t\t<\/div> \n\t<\/div> \n\t\t<\/div> \n\t<\/div> \n<\/div><\/div><div    class=\"vc_row wpb_row section vc_row-fluid\" style=' text-align:left;'><div class=\" full_section_inner clearfix\">\n\t<div class=\"vc_col-sm-12 wpb_column vc_column_container \">\n\t\t<div class=\"wpb_wrapper\">\n\t\t\t\n\t<div class=\"wpb_text_column wpb_content_element \">\n\t\t<div class=\"wpb_wrapper\">\n\t\t\t<p>&nbsp;<\/p>\n\n\t\t<\/div> \n\t<\/div> \n\t\t<\/div> \n\t<\/div> \n<\/div><\/div><div    class=\"vc_row wpb_row section vc_row-fluid vc_custom_1455909120456\" style='background-color:#ffffff; border-bottom: 1px solid #ffffff; text-align:left;'><div class=\" full_section_inner clearfix\">\n\t<div class=\"vc_col-sm-12 wpb_column vc_column_container  vc_custom_1455908993228\">\n\t\t<div class=\"wpb_wrapper\">\n\t\t\t\n\t<div class=\"wpb_text_column wpb_content_element \">\n\t\t<div class=\"wpb_wrapper\">\n\t\t\t<h2 style=\"text-align: center;\">Hotel Leone Roma<\/h2>\n<h3 style=\"text-align: center;\">Comfort\u00a0in the heart of Rome<\/h3>\n\n\t\t<\/div> \n\t<\/div> \n\t\t<\/div> \n\t<\/div> \n<\/div><\/div><div    class=\"vc_row wpb_row section vc_row-fluid\" style=' text-align:left;'><div class=\" full_section_inner clearfix\">\n\t<div class=\"vc_col-sm-12 wpb_column vc_column_container \">\n\t\t<div class=\"wpb_wrapper\">\n\t\t\t\n\t<div class=\"wpb_text_column wpb_content_element \">\n\t\t<div class=\"wpb_wrapper\">\n\t\t\t<p>&nbsp;<\/p>\n\n\t\t<\/div> \n\t<\/div> \n\t\t<\/div> \n\t<\/div> \n<\/div><\/div><div    class=\"vc_row wpb_row section vc_row-fluid\" style='background-color:#ffffff; text-align:left;'><div class=\" full_section_inner clearfix\">\n\t<div class=\"vc_col-sm-3 wpb_column vc_column_container \">\n\t\t<div class=\"wpb_wrapper\">\n\t\t\t\n\t<div class=\"wpb_text_column wpb_content_element \">\n\t\t<div class=\"wpb_wrapper\">\n\t\t\t\n\t\t<\/div> \n\t<\/div> \n\t\t<\/div> \n\t<\/div> \n\n\t<div class=\"vc_col-sm-6 wpb_column vc_column_container \">\n\t\t<div class=\"wpb_wrapper\">\n\t\t\t\n\t<div class=\"wpb_text_column wpb_content_element \">\n\t\t<div class=\"wpb_wrapper\">\n\t\t\t<p>Hotel Leone is a 1 star Hotel (CIN IT058091A1RKCG26FN) in the historical heart of Rome. It&rsquo;s located in a lovely XIX century building, between the Termini Station and the Santa Maria Maggiore Basilica and walking you can reach all the must important landmarks. Hotel Leone is well connected with every part of the city and also with Fiumicino and Ciampino airports. A warm family atmosphere and a friendly staff will offer you an unforgettable stay in Rome. Our rooms are equipped with private bathroom, air conditioning, TV, minibar and free WiFi. Check-in by appointment from 14:00 to 18:00.<\/p>\n\n\t\t<\/div> \n\t<\/div> \n\t\t<\/div> \n\t<\/div> \n\n\t<div class=\"vc_col-sm-3 wpb_column vc_column_container \">\n\t\t<div class=\"wpb_wrapper\">\n\t\t\t\n\t<div class=\"wpb_text_column wpb_content_element \">\n\t\t<div class=\"wpb_wrapper\">\n\t\t\t\n\t\t<\/div> \n\t<\/div> \n\t\t<\/div> \n\t<\/div> \n<\/div><\/div><div    class=\"vc_row wpb_row section vc_row-fluid\" style=' text-align:left;'><div class=\" full_section_inner clearfix\">\n\t<div class=\"vc_col-sm-12 wpb_column vc_column_container \">\n\t\t<div class=\"wpb_wrapper\">\n\t\t\t\n\t<div class=\"wpb_text_column wpb_content_element \">\n\t\t<div class=\"wpb_wrapper\">\n\t\t\t<p>&nbsp;<\/p>\n<p>&nbsp;<\/p>\n\n\t\t<\/div> \n\t<\/div> \n\t\t<\/div> \n\t<\/div> \n<\/div><\/div><div    class=\"vc_row wpb_row section vc_row-fluid grid_section\" style=' text-align:center;'><div class=\" section_inner clearfix\"><div class='section_inner_margin clearfix'>\n\t<div class=\"vc_col-sm-3 wpb_column vc_column_container \">\n\t\t<div class=\"wpb_wrapper\">\n\t\t\t\n\t<div class=\"wpb_text_column wpb_content_element \">\n\t\t<div class=\"wpb_wrapper\">\n\t\t\t\n\t\t<\/div> \n\t<\/div> \n\t\t<\/div> \n\t<\/div> \n\n\t<div class=\"vc_col-sm-6 wpb_column vc_column_container  vc_custom_1491930222840\">\n\t\t<div class=\"wpb_wrapper\">\n\t\t\t\n\t<div class=\"wpb_text_column wpb_content_element \">\n\t\t<div class=\"wpb_wrapper\">\n\t\t\t<p><a href=\"https:\/\/www.hotelleoneroma.com\/servizi\/\"><img loading=\"lazy\" class=\"alignnone size-full wp-image-485\" src=\"https:\/\/www.hotelleoneroma.com\/wp-content\/uploads\/2016\/02\/wifi-circle.png\" alt=\"wifi-circle\" width=\"70\" height=\"70\" \/><\/a> <a href=\"https:\/\/www.hotelleoneroma.com\/servizi\/\"><img loading=\"lazy\" class=\"alignnone size-full wp-image-483\" src=\"https:\/\/www.hotelleoneroma.com\/wp-content\/uploads\/2016\/02\/tv-circle.png\" alt=\"tv-circle\" width=\"70\" height=\"70\" \/><\/a> <a href=\"https:\/\/www.hotelleoneroma.com\/servizi\/\"><img loading=\"lazy\" class=\"alignnone size-full wp-image-480\" src=\"https:\/\/www.hotelleoneroma.com\/wp-content\/uploads\/2016\/02\/shower-circle.png\" alt=\"shower-circle\" width=\"70\" height=\"70\" \/><\/a> <a href=\"https:\/\/www.hotelleoneroma.com\/servizi\/\"><img loading=\"lazy\" class=\"alignnone size-full wp-image-477\" src=\"https:\/\/www.hotelleoneroma.com\/wp-content\/uploads\/2016\/02\/recep-circle.png\" alt=\"recep-circle\" width=\"70\" height=\"70\" \/><\/a> <a href=\"https:\/\/www.hotelleoneroma.com\/servizi\/\"><img loading=\"lazy\" class=\"alignnone size-full wp-image-474\" src=\"https:\/\/www.hotelleoneroma.com\/wp-content\/uploads\/2016\/02\/fridge-circle.png\" alt=\"fridge-circle\" width=\"70\" height=\"70\" \/><\/a> <a href=\"https:\/\/www.hotelleoneroma.com\/servizi\/\"><img loading=\"lazy\" class=\"alignnone size-full wp-image-471\" src=\"https:\/\/www.hotelleoneroma.com\/wp-content\/uploads\/2016\/02\/climate-circle.png\" alt=\"climate-circle\" width=\"70\" height=\"70\" \/><\/a> <img loading=\"lazy\" class=\"alignnone size-full wp-image-757\" src=\"https:\/\/www.hotelleoneroma.com\/wp-content\/uploads\/2016\/02\/asciug-circle.png\" alt=\"asciug-circle\" width=\"70\" height=\"70\" \/> <img loading=\"lazy\" class=\"alignnone size-full wp-image-755\" src=\"https:\/\/www.hotelleoneroma.com\/wp-content\/uploads\/2016\/02\/cassaforte-circle.png\" alt=\"cassaforte-circle\" width=\"70\" height=\"70\" \/> <img loading=\"lazy\" class=\"alignnone size-full wp-image-756\" src=\"https:\/\/www.hotelleoneroma.com\/wp-content\/uploads\/2016\/02\/bollitore-circle.png\" alt=\"bollitore-circle\" width=\"70\" height=\"70\" \/><\/p>\n\n\t\t<\/div> \n\t<\/div> \n\t\t<\/div> \n\t<\/div> \n\n\t<div class=\"vc_col-sm-3 wpb_column vc_column_container \">\n\t\t<div class=\"wpb_wrapper\">\n\t\t\t\n\t<div class=\"wpb_text_column wpb_content_element \">\n\t\t<div class=\"wpb_wrapper\">\n\t\t\t\n\t\t<\/div> \n\t<\/div> \n\t\t<\/div> \n\t<\/div> \n<\/div><\/div><\/div><div    class=\"vc_row wpb_row section vc_row-fluid\" style=' text-align:left;'><div class=\" full_section_inner clearfix\">\n\t<div class=\"vc_col-sm-12 wpb_column vc_column_container \">\n\t\t<div class=\"wpb_wrapper\">\n\t\t\t\n\t<div class=\"wpb_text_column wpb_content_element \">\n\t\t<div class=\"wpb_wrapper\">\n\t\t\t<p>&nbsp;<\/p>\n<pre class=\"wp-block-preformatted\">\u00a0<\/pre>\n<p>&nbsp;<\/p>\n\n\t\t<\/div> \n\t<\/div> \n\t\t<\/div> \n\t<\/div> \n<\/div><\/div>\r\n<div    class=\"vc_row wpb_row section vc_row-fluid\" style=' text-align:left;'><div class=\" full_section_inner clearfix\"><iframe style=\"border: 0;\" tabindex=\"0\" src=\"https:\/\/www.google.com\/maps\/embed?pb=!1m18!1m12!1m3!1d2969.689696682731!2d12.49603931621073!3d41.899530079220355!2m3!1f0!2f0!3f0!3m2!1i1024!2i768!4f13.1!3m3!1m2!1s0x132f61a5ad4ef407%3A0x57ac5033f3df5749!2sHotel%20Leone!5e0!3m2!1sit!2sit!4v1601373534873!5m2!1sit!2sit\" width=\"100%\" height=\"550\" frameborder=\"0\" allowfullscreen=\"allowfullscreen\" aria-hidden=\"false\"><\/iframe><\/div><\/div>\r\n<p>\r\n\r\n<!-- wp:paragraph --><\/p>\r\n<div    class=\"vc_row wpb_row section vc_row-fluid\" style=' text-align:left;'><div class=\" full_section_inner clearfix\">\n\t<div class=\"vc_col-sm-12 wpb_column vc_column_container \">\n\t\t<div class=\"wpb_wrapper\">\n\t\t\t\n\t<div class=\"wpb_text_column wpb_content_element \">\n\t\t<div class=\"wpb_wrapper\">\n\t\t\t<p><!-- wp:paragraph --><!-- \/wp:paragraph --><\/p>\n<p>&nbsp;<\/p>\n<p><!-- wp:shortcode --><\/p>\n\n\t\t<\/div> \n\t<\/div> \n\t\t<\/div> \n\t<\/div> \n<\/div><\/div><div    class=\"vc_row wpb_row section vc_row-fluid\" style=' text-align:left;'><div class=\" full_section_inner clearfix\">\n\t<div class=\"vc_col-sm-12 wpb_column vc_column_container \">\n\t\t<div class=\"wpb_wrapper\">\n\t\t\t\n\t<div class=\"wpb_text_column wpb_content_element \">\n\t\t<div class=\"wpb_wrapper\">\n\t\t\t<div id=\"qode-hp\"  class=\"carousel slide    q_auto_start   header_not_transparent\" data-slide_animation=\"6000\" data-height='800' data-parallax=\"no\" style=\"height: 800px; \"><div class=\"qode_slider_preloader\"><div class=\"ajax_loader\" style=\"margin-top:75.5px;\"><div class=\"ajax_loader_1\"><div class=\"double_pulse\"><div class=\"double-bounce1\"><\/div><div class=\"double-bounce2\"><\/div><\/div><\/div><\/div><\/div><div class=\"carousel-inner relative_position\" data-start=\"transform: translateY(0px);\" data-1440=\"transform: translateY(-500px);\"><div class=\"item light vertical_align_middle\" style=\"height: 800px;\"><div class=\"image\" style=\"background-image:url(https:\/\/www.hotelleoneroma.com\/wp-content\/uploads\/2016\/02\/homepage-roma.jpg);\"><img src=\"https:\/\/www.hotelleoneroma.com\/wp-content\/uploads\/2016\/02\/homepage-roma.jpg\" alt=\"D\u00c9COUVREZ LES BEAUT\u00c9S DE ROME\"><\/div><div class=\"slider_content_outer \"><div class=\"slider_content center\" style=\"width:80%;left: 10%;top: 35%;padding-top:151px;\" data-start=\"width:80%; opacity:1; left: 10%; top: 35%;\" data-300=\"opacity: 0; left: 10%; top: 10%;\"><div class=\"text all_at_once\" style=\"\"><h2 class=\"q_slide_title\" style=\"text-shadow: 1px 1px 2px rgba(0, 0, 0, 0.4);\"><span>D\u00c9COUVREZ LES BEAUT\u00c9S DE ROME<\/span><\/h2><\/div><\/div><\/div><\/div><div class=\"item light vertical_align_middle\" style=\"height: 800px;\"><div class=\"image\" style=\"background-image:url(https:\/\/www.hotelleoneroma.com\/wp-content\/uploads\/2016\/02\/Hotel-Leone-shade.jpg);\"><img src=\"https:\/\/www.hotelleoneroma.com\/wp-content\/uploads\/2016\/02\/Hotel-Leone-shade.jpg\" alt=\"Embrasse la Rome antique\"><\/div><div class=\"slider_content_outer \"><div class=\"slider_content center\" style=\"width:80%;left: 10%;top: 35%;padding-top:151px;\" data-start=\"width:80%; opacity:1; left: 10%; top: 35%;\" data-300=\"opacity: 0; left: 10%; top: 10%;\"><div class=\"text all_at_once\" style=\"\"><h2 class=\"q_slide_title\" style=\"text-shadow: 1px 1px 2px rgba(0, 0, 0, 0.4);\"><span>Embrasse la Rome antique<\/span><\/h2><\/div><\/div><\/div><\/div><div class=\"item light vertical_align_middle\" style=\"height: 800px;\"><div class=\"image\" style=\"background-image:url(https:\/\/www.hotelleoneroma.com\/wp-content\/uploads\/2016\/02\/Hotel-Leone-37.jpg);\"><img src=\"https:\/\/www.hotelleoneroma.com\/wp-content\/uploads\/2016\/02\/Hotel-Leone-37.jpg\" alt=\"Confort au coeur de Rome\"><\/div><div class=\"slider_content_outer \"><div class=\"slider_content center\" style=\"width:80%;left: 10%;top: 35%;padding-top:151px;\"><div class=\"text all_at_once\" style=\"\"><h2 class=\"q_slide_title\" style=\"font-family: 'Open Sans';text-shadow: 1px 1px 2px rgba(0, 0, 0, 0.4);\"><span>Confort au coeur de Rome<\/span><\/h2><\/div><\/div><\/div><\/div><\/div><ol class=\"carousel-indicators\"><li data-target=\"#qode-hp\" data-slide-to=\"0\" class=\"active\"><\/li><li data-target=\"#qode-hp\" data-slide-to=\"1\"><\/li><li data-target=\"#qode-hp\" data-slide-to=\"2\"><\/li><\/ol><a class=\"left carousel-control\" href=\"#qode-hp\" data-slide=\"prev\"><span class=\"prev_nav\" style=\"margin-top:50.5px;\"><span class=\"arrow_carrot-left\"><\/span><\/span><\/a><a class=\"right carousel-control\" href=\"#qode-hp\" data-slide=\"next\"><span class=\"next_nav\" style=\"margin-top:50.5px;\"><span class=\"arrow_carrot-right\"><\/span><\/span><\/a><\/div>\n\n\t\t<\/div> \n\t<\/div> <div class=\"vc_empty_space\"  style=\"height: 30px\" ><span class=\"vc_empty_space_inner\"><\/span><\/div>\n\n\n\t<div class=\"wpb_text_column wpb_content_element \">\n\t\t<div class=\"wpb_wrapper\">\n\t\t\t<p><!--START MASCHERA BOOKING--><br \/>\n<script charset=\"UTF-8\" defer src=\"https:\/\/cdn.beddy.io\/bol-v2\/prod\/beddy-bar-web-component.js\"><\/script><beddy-bar lang=\"fr\" widgetcode=\"51500d8609e8b\"><\/beddy-bar><br \/>\n<!--END MASCHERA BOOKING--><\/p>\n\n\t\t<\/div> \n\t<\/div> <div class=\"vc_empty_space\"  style=\"height: 30px\" ><span class=\"vc_empty_space_inner\"><\/span><\/div>\n\n\n\t<div class=\"wpb_text_column wpb_content_element \">\n\t\t<div class=\"wpb_wrapper\">\n\t\t\t\n\t\t<\/div> \n\t<\/div> \n\t\t<\/div> \n\t<\/div> \n<\/div><\/div><div    class=\"vc_row wpb_row section vc_row-fluid\" style=' text-align:left;'><div class=\" full_section_inner clearfix\">\n\t<div class=\"vc_col-sm-12 wpb_column vc_column_container \">\n\t\t<div class=\"wpb_wrapper\">\n\t\t\t\n\t<div class=\"wpb_text_column wpb_content_element \">\n\t\t<div class=\"wpb_wrapper\">\n\t\t\t<p><!-- \/wp:shortcode --><\/p>\n<p>&nbsp;<\/p>\n<p><!-- wp:shortcode --><\/p>\n\n\t\t<\/div> \n\t<\/div> \n\t\t<\/div> \n\t<\/div> \n<\/div><\/div><div    class=\"vc_row wpb_row section vc_row-fluid vc_custom_1455909120456\" style='background-color:#ffffff; border-bottom: 1px solid #ffffff; text-align:left;'><div class=\" full_section_inner clearfix\">\n\t<div class=\"vc_col-sm-12 wpb_column vc_column_container  vc_custom_1455908993228\">\n\t\t<div class=\"wpb_wrapper\">\n\t\t\t\n\t<div class=\"wpb_text_column wpb_content_element \">\n\t\t<div class=\"wpb_wrapper\">\n\t\t\t<h2 style=\"text-align: center;\">Hotel Leone Roma<\/h2>\n<h3 style=\"text-align: center;\">Confort au coeur de Rome<\/h3>\n\n\t\t<\/div> \n\t<\/div> \n\t\t<\/div> \n\t<\/div> \n<\/div><\/div><div    class=\"vc_row wpb_row section vc_row-fluid\" style=' text-align:left;'><div class=\" full_section_inner clearfix\">\n\t<div class=\"vc_col-sm-12 wpb_column vc_column_container \">\n\t\t<div class=\"wpb_wrapper\">\n\t\t\t\n\t<div class=\"wpb_text_column wpb_content_element \">\n\t\t<div class=\"wpb_wrapper\">\n\t\t\t<p><!-- \/wp:shortcode --><\/p>\n<p>&nbsp;<\/p>\n<p><!-- wp:shortcode --><\/p>\n\n\t\t<\/div> \n\t<\/div> \n\t\t<\/div> \n\t<\/div> \n<\/div><\/div><div    class=\"vc_row wpb_row section vc_row-fluid\" style='background-color:#ffffff; text-align:left;'><div class=\" full_section_inner clearfix\">\n\t<div class=\"vc_col-sm-3 wpb_column vc_column_container \">\n\t\t<div class=\"wpb_wrapper\">\n\t\t\t\n\t<div class=\"wpb_text_column wpb_content_element \">\n\t\t<div class=\"wpb_wrapper\">\n\t\t\t\n\t\t<\/div> \n\t<\/div> \n\t\t<\/div> \n\t<\/div> \n\n\t<div class=\"vc_col-sm-6 wpb_column vc_column_container \">\n\t\t<div class=\"wpb_wrapper\">\n\t\t\t\n\t<div class=\"wpb_text_column wpb_content_element \">\n\t\t<div class=\"wpb_wrapper\">\n\t\t\t<p>L&rsquo;H\u00f4tel Leone est un Hotel \u00e0 une \u00e9toile (IT058091A1RKCG26FN) id\u00e9alement situ\u00e9 au c\u0153ur historique de la ville. Il se trouve dans un bel immeuble du XIXe si\u00e8cle, entre la Gare Termini et la Basilique de Santa Maria Maggiore. C&rsquo;est bien reli\u00e9 au reste de la ville, ainsi que les a\u00e9roports de Fiumicino et Ciampino. Tous les principaux monuments sont \u00e0 distance de marche. Une ambiance familiale et chaleureuse, et un staff conviviale feront de votre s\u00e9jour un inoubliable exp\u00e9rience. Nos chambres sont \u00e9quip\u00e9es de salle de bain priv\u00e9e, air conditionn\u00e9, t\u00e9l\u00e9vision, minibar et WiFi gratuit dans tout l&rsquo;h\u00f4tel. Check-in sur rendez-vous de 14:00 \u00e0 18:00h.<\/p>\n\n\t\t<\/div> \n\t<\/div> \n\t\t<\/div> \n\t<\/div> \n\n\t<div class=\"vc_col-sm-3 wpb_column vc_column_container \">\n\t\t<div class=\"wpb_wrapper\">\n\t\t\t\n\t<div class=\"wpb_text_column wpb_content_element \">\n\t\t<div class=\"wpb_wrapper\">\n\t\t\t\n\t\t<\/div> \n\t<\/div> \n\t\t<\/div> \n\t<\/div> \n<\/div><\/div><div    class=\"vc_row wpb_row section vc_row-fluid\" style=' text-align:left;'><div class=\" full_section_inner clearfix\">\n\t<div class=\"vc_col-sm-12 wpb_column vc_column_container \">\n\t\t<div class=\"wpb_wrapper\">\n\t\t\t\n\t<div class=\"wpb_text_column wpb_content_element \">\n\t\t<div class=\"wpb_wrapper\">\n\t\t\t<p><!-- \/wp:shortcode --><\/p>\n<p>&nbsp;<\/p>\n<p><!-- wp:paragraph --><!-- \/wp:paragraph --><\/p>\n<p>&nbsp;<\/p>\n<p><!-- wp:shortcode --><\/p>\n\n\t\t<\/div> \n\t<\/div> \n\t\t<\/div> \n\t<\/div> \n<\/div><\/div><div    class=\"vc_row wpb_row section vc_row-fluid grid_section\" style=' text-align:center;'><div class=\" section_inner clearfix\"><div class='section_inner_margin clearfix'>\n\t<div class=\"vc_col-sm-3 wpb_column vc_column_container \">\n\t\t<div class=\"wpb_wrapper\">\n\t\t\t\n\t<div class=\"wpb_text_column wpb_content_element \">\n\t\t<div class=\"wpb_wrapper\">\n\t\t\t\n\t\t<\/div> \n\t<\/div> \n\t\t<\/div> \n\t<\/div> \n\n\t<div class=\"vc_col-sm-6 wpb_column vc_column_container  vc_custom_1491930222840\">\n\t\t<div class=\"wpb_wrapper\">\n\t\t\t\n\t<div class=\"wpb_text_column wpb_content_element \">\n\t\t<div class=\"wpb_wrapper\">\n\t\t\t<p><a href=\"https:\/\/www.hotelleoneroma.com\/servizi\/\"><img loading=\"lazy\" class=\"alignnone size-full wp-image-485\" src=\"https:\/\/www.hotelleoneroma.com\/wp-content\/uploads\/2016\/02\/wifi-circle.png\" alt=\"wifi-circle\" width=\"70\" height=\"70\" \/><\/a> <a href=\"https:\/\/www.hotelleoneroma.com\/servizi\/\"><img loading=\"lazy\" class=\"alignnone size-full wp-image-483\" src=\"https:\/\/www.hotelleoneroma.com\/wp-content\/uploads\/2016\/02\/tv-circle.png\" alt=\"tv-circle\" width=\"70\" height=\"70\" \/><\/a> <a href=\"https:\/\/www.hotelleoneroma.com\/servizi\/\"><img loading=\"lazy\" class=\"alignnone size-full wp-image-480\" src=\"https:\/\/www.hotelleoneroma.com\/wp-content\/uploads\/2016\/02\/shower-circle.png\" alt=\"shower-circle\" width=\"70\" height=\"70\" \/><\/a> <a href=\"https:\/\/www.hotelleoneroma.com\/servizi\/\"><img loading=\"lazy\" class=\"alignnone size-full wp-image-477\" src=\"https:\/\/www.hotelleoneroma.com\/wp-content\/uploads\/2016\/02\/recep-circle.png\" alt=\"recep-circle\" width=\"70\" height=\"70\" \/><\/a> <a href=\"https:\/\/www.hotelleoneroma.com\/servizi\/\"><img loading=\"lazy\" class=\"alignnone size-full wp-image-474\" src=\"https:\/\/www.hotelleoneroma.com\/wp-content\/uploads\/2016\/02\/fridge-circle.png\" alt=\"fridge-circle\" width=\"70\" height=\"70\" \/><\/a> <a href=\"https:\/\/www.hotelleoneroma.com\/servizi\/\"><img loading=\"lazy\" class=\"alignnone size-full wp-image-471\" src=\"https:\/\/www.hotelleoneroma.com\/wp-content\/uploads\/2016\/02\/climate-circle.png\" alt=\"climate-circle\" width=\"70\" height=\"70\" \/><\/a> <img loading=\"lazy\" class=\"alignnone size-full wp-image-757\" src=\"https:\/\/www.hotelleoneroma.com\/wp-content\/uploads\/2016\/02\/asciug-circle.png\" alt=\"asciug-circle\" width=\"70\" height=\"70\" \/> <img loading=\"lazy\" class=\"alignnone size-full wp-image-755\" src=\"https:\/\/www.hotelleoneroma.com\/wp-content\/uploads\/2016\/02\/cassaforte-circle.png\" alt=\"cassaforte-circle\" width=\"70\" height=\"70\" \/> <img loading=\"lazy\" class=\"alignnone size-full wp-image-756\" src=\"https:\/\/www.hotelleoneroma.com\/wp-content\/uploads\/2016\/02\/bollitore-circle.png\" alt=\"bollitore-circle\" width=\"70\" height=\"70\" \/><\/p>\n\n\t\t<\/div> \n\t<\/div> \n\t\t<\/div> \n\t<\/div> \n\n\t<div class=\"vc_col-sm-3 wpb_column vc_column_container \">\n\t\t<div class=\"wpb_wrapper\">\n\t\t\t\n\t<div class=\"wpb_text_column wpb_content_element \">\n\t\t<div class=\"wpb_wrapper\">\n\t\t\t\n\t\t<\/div> \n\t<\/div> \n\t\t<\/div> \n\t<\/div> \n<\/div><\/div><\/div><div    class=\"vc_row wpb_row section vc_row-fluid\" style=' text-align:left;'><div class=\" full_section_inner clearfix\">\n\t<div class=\"vc_col-sm-12 wpb_column vc_column_container \">\n\t\t<div class=\"wpb_wrapper\">\n\t\t\t\n\t<div class=\"wpb_text_column wpb_content_element \">\n\t\t<div class=\"wpb_wrapper\">\n\t\t\t<p><!-- \/wp:shortcode --><\/p>\n<p>&nbsp;<\/p>\n<p><!-- wp:preformatted --><\/p>\n<pre class=\"wp-block-preformatted\">\u00a0<\/pre>\n<p><!-- \/wp:preformatted --><\/p>\n<p>&nbsp;<\/p>\n<p><!-- wp:paragraph --><!-- \/wp:paragraph --><\/p>\n\n\t\t<\/div> \n\t<\/div> \n\t\t<\/div> \n\t<\/div> \n<\/div><\/div>\r\n<div    class=\"vc_row wpb_row section vc_row-fluid\" style=' text-align:left;'><div class=\" full_section_inner clearfix\"><iframe style=\"border: 0;\" tabindex=\"0\" src=\"https:\/\/www.google.com\/maps\/embed?pb=!1m18!1m12!1m3!1d2969.689696682731!2d12.49603931621073!3d41.899530079220355!2m3!1f0!2f0!3f0!3m2!1i1024!2i768!4f13.1!3m3!1m2!1s0x132f61a5ad4ef407%3A0x57ac5033f3df5749!2sHotel%20Leone!5e0!3m2!1sit!2sit!4v1601373534873!5m2!1sit!2sit\" width=\"100%\" height=\"550\" frameborder=\"0\" allowfullscreen=\"allowfullscreen\" aria-hidden=\"false\"><\/iframe><\/div><\/div>","protected":false},"excerpt":{"rendered":"","protected":false},"author":1,"featured_media":0,"parent":0,"menu_order":0,"comment_status":"closed","ping_status":"closed","template":"full_width.php","meta":[],"_links":{"self":[{"href":"https:\/\/www.hotelleoneroma.com\/fr\/wp-json\/wp\/v2\/pages\/10"}],"collection":[{"href":"https:\/\/www.hotelleoneroma.com\/fr\/wp-json\/wp\/v2\/pages"}],"about":[{"href":"https:\/\/www.hotelleoneroma.com\/fr\/wp-json\/wp\/v2\/types\/page"}],"author":[{"embeddable":true,"href":"https:\/\/www.hotelleoneroma.com\/fr\/wp-json\/wp\/v2\/users\/1"}],"replies":[{"embeddable":true,"href":"https:\/\/www.hotelleoneroma.com\/fr\/wp-json\/wp\/v2\/comments?post=10"}],"version-history":[{"count":244,"href":"https:\/\/www.hotelleoneroma.com\/fr\/wp-json\/wp\/v2\/pages\/10\/revisions"}],"predecessor-version":[{"id":912,"href":"https:\/\/www.hotelleoneroma.com\/fr\/wp-json\/wp\/v2\/pages\/10\/revisions\/912"}],"wp:attachment":[{"href":"https:\/\/www.hotelleoneroma.com\/fr\/wp-json\/wp\/v2\/media?parent=10"}],"curies":[{"name":"wp","href":"https:\/\/api.w.org\/{rel}","templated":true}]}}